{"id":33183,"date":"2024-11-21T11:07:52","date_gmt":"2024-11-21T17:07:52","guid":{"rendered":"https:\/\/zeyco.com\/?post_type=product&#038;p=33183"},"modified":"2026-03-20T12:28:32","modified_gmt":"2026-03-20T18:28:32","slug":"ultrasonido-led-scaler-u6","status":"publish","type":"product","link":"https:\/\/zeyco.com\/cr\/producto\/ultrasonido-led-scaler-u6\/","title":{"rendered":"U6"},"content":{"rendered":"","protected":false},"excerpt":{"rendered":"<p><b>Ultrasonido LED Scaler \/ <\/b><b>Escariador ultras\u00f3nico<\/b><\/p>\n<p>Indicado para tratamientos periodontales, profilaxis, mantenimiento de implantes, preparaci\u00f3n de la cavidad y tratamientos de endodoncia.<\/p>\n<p><strong>Caracter\u00edsticas:<\/strong><\/p>\n<ul>\n<li>Sistema Touch Inteligente<\/li>\n<li>Panel de control t\u00e1ctil, luminoso y f\u00e1cil de limpiar<\/li>\n<li>Multifunci\u00f3n: Escariador, Periodoncia y Endodoncia<\/li>\n<li>Seguimiento autom\u00e1tico de frecuencia que garantiza que el equipo trabaje r\u00e1pidamente sin lastimar la enc\u00eda o el esmalte y con mayor firmeza para la eliminaci\u00f3n de c\u00e1lculo dental y la placa bacteriana<\/li>\n<li>Incluye 5 puntas para profilaxis, regla met\u00e1lica, porta limas Endo Chucky 2 puntas para endodoncia<\/li>\n<li>Pieza de mano de aluminio desmontable y autoclavable<\/li>\n<li>Certificaci\u00f3n CE e ISO 13485<\/li>\n<\/ul>\n<p><strong>Garant\u00eda:<\/strong><\/p>\n<p>2 a\u00f1os<\/p>\n<p>&nbsp;<\/p>\n<p class=\"p1\">Reg. San. No. 0633E2024 SSA<\/p>\n","protected":false},"featured_media":33220,"comment_status":"closed","ping_status":"closed","template":"","meta":[],"product_brand":[],"product_cat":[206,226,232,251,199,373],"product_tag":[],"class_list":{"0":"post-33183","1":"product","2":"type-product","3":"status-publish","4":"has-post-thumbnail","6":"product_cat-dte","7":"product_cat-endodoncia","8":"product_cat-equipos","9":"product_cat-guiling-woodpecker","10":"product_cat-periodoncia","11":"product_cat-ultrasonidos","13":"first","14":"instock","15":"shipping-taxable","16":"product-type-simple"},"_links":{"self":[{"href":"https:\/\/zeyco.com\/cr\/wp-json\/wp\/v2\/product\/33183","targetHints":{"allow":["GET"]}}],"collection":[{"href":"https:\/\/zeyco.com\/cr\/wp-json\/wp\/v2\/product"}],"about":[{"href":"https:\/\/zeyco.com\/cr\/wp-json\/wp\/v2\/types\/product"}],"replies":[{"embeddable":true,"href":"https:\/\/zeyco.com\/cr\/wp-json\/wp\/v2\/comments?post=33183"}],"wp:featuredmedia":[{"embeddable":true,"href":"https:\/\/zeyco.com\/cr\/wp-json\/wp\/v2\/media\/33220"}],"wp:attachment":[{"href":"https:\/\/zeyco.com\/cr\/wp-json\/wp\/v2\/media?parent=33183"}],"wp:term":[{"taxonomy":"product_brand","embeddable":true,"href":"https:\/\/zeyco.com\/cr\/wp-json\/wp\/v2\/product_brand?post=33183"},{"taxonomy":"product_cat","embeddable":true,"href":"https:\/\/zeyco.com\/cr\/wp-json\/wp\/v2\/product_cat?post=33183"},{"taxonomy":"product_tag","embeddable":true,"href":"https:\/\/zeyco.com\/cr\/wp-json\/wp\/v2\/product_tag?post=33183"}],"curies":[{"name":"wp","href":"https:\/\/api.w.org\/{rel}","templated":true}]}}