{"id":19846,"date":"2022-06-08T13:22:39","date_gmt":"2022-06-08T18:22:39","guid":{"rendered":"https:\/\/pruebas.zeyco.com\/?post_type=product&#038;p=19846"},"modified":"2026-03-20T12:31:58","modified_gmt":"2026-03-20T18:31:58","slug":"autoclave-clase-n-tanda-color-2","status":"publish","type":"product","link":"https:\/\/zeyco.com\/en\/producto\/autoclave-clase-n-tanda-color-2\/","title":{"rendered":"Autoclave clase N Tanda Color"},"content":{"rendered":"[vc_row type=&#8221;in_container&#8221; full_screen_row_position=&#8221;middle&#8221; column_margin=&#8221;default&#8221; column_direction=&#8221;default&#8221; column_direction_tablet=&#8221;default&#8221; column_direction_phone=&#8221;default&#8221; scene_position=&#8221;center&#8221; text_color=&#8221;dark&#8221; text_align=&#8221;left&#8221; row_border_radius=&#8221;none&#8221; row_border_radius_applies=&#8221;bg&#8221; overflow=&#8221;visible&#8221; overlay_strength=&#8221;0.3&#8243; gradient_direction=&#8221;left_to_right&#8221; shape_divider_position=&#8221;bottom&#8221; bg_image_animation=&#8221;none&#8221;][vc_column column_padding=&#8221;no-extra-padding&#8221; column_padding_tablet=&#8221;inherit&#8221; column_padding_phone=&#8221;inherit&#8221; column_padding_position=&#8221;all&#8221; column_element_spacing=&#8221;default&#8221; background_color_opacity=&#8221;1&#8243; background_hover_color_opacity=&#8221;1&#8243; column_shadow=&#8221;none&#8221; column_border_radius=&#8221;none&#8221; column_link_target=&#8221;_self&#8221; column_position=&#8221;default&#8221; gradient_direction=&#8221;left_to_right&#8221; overlay_strength=&#8221;0.3&#8243; width=&#8221;1\/1&#8243; tablet_width_inherit=&#8221;default&#8221; tablet_text_alignment=&#8221;default&#8221; phone_text_alignment=&#8221;default&#8221; animation_type=&#8221;default&#8221; bg_image_animation=&#8221;none&#8221; border_type=&#8221;simple&#8221; column_border_width=&#8221;none&#8221; column_border_style=&#8221;solid&#8221;][nectar_cta btn_style=&#8221;material&#8221; heading_tag=&#8221;h4&#8243; text_color=&#8221;#80bc00&#8243; link_type=&#8221;regular&#8221; alignment=&#8221;center&#8221; alignment_tablet=&#8221;default&#8221; alignment_phone=&#8221;default&#8221; display=&#8221;block&#8221; display_tablet=&#8221;inherit&#8221; display_phone=&#8221;inherit&#8221; text=&#8221;B\u00fascalo en el dep\u00f3sito de tu preferencia o para m\u00e1s informaci\u00f3n cont\u00e1ctanos&#8221; link_text=&#8221;aqu\u00ed&#8221; url=&#8221;https:\/\/zeyco.com\/contacto\/&#8221;][\/vc_column][\/vc_row]\n","protected":false},"excerpt":{"rendered":"<ul style=\"font-weight: 400;\">\n<li><span style=\"color: #808080;\">Panel intuitivo con indicadores LED de funci\u00f3n<\/span><\/li>\n<li><span style=\"color: #808080;\">Selector de funci\u00f3n de ciclos de 121\u00b0 y 134\u00b0<\/span><\/li>\n<li><span style=\"color: #808080;\">Filtro de alta intensidad que garantiza mejores resultados en proceso de esterilizaci\u00f3n<\/span><\/li>\n<li><span style=\"color: #808080;\">Ajuste autom\u00e1tico de presi\u00f3n atmosf\u00e9rica<\/span><\/li>\n<li><span style=\"color: #808080;\">Secado con puerta cerrada programable de 20 a 60 minutos<\/span><\/li>\n<li><span style=\"color: #808080;\">C\u00e1mara de acero inoxidable grado 304 con 10 a\u00f1os de garant\u00eda de f\u00e1brica contra rupturas o grietas<\/span><\/li>\n<li><span style=\"color: #808080;\">Despresurizaci\u00f3n manual<\/span><\/li>\n<li><span style=\"color: #808080;\">Retira burbujas de aire antes de la esterilizaci\u00f3n<\/span><\/li>\n<\/ul>\n<p><span style=\"color: #808080;\"><strong>Presentaciones:<\/strong><\/span><\/p>\n<ul>\n<li><span style=\"color: #808080;\">Blanco con morado<\/span><\/li>\n<li><span style=\"color: #808080;\">Blanco con negro<\/span><\/li>\n<\/ul>\n<p><span style=\"color: #808080;\"><strong>Capacidad: <\/strong><\/span><\/p>\n<p><span style=\"color: #808080;\">18 L y 23 L <\/span><\/p>\n<p><strong><span style=\"color: #808080;\">Garant\u00eda: <\/span><\/strong><\/p>\n<p><span style=\"color: #808080;\">1 a\u00f1o <span data-olk-copy-source=\"MessageBody\">por defecto de fabricaci\u00f3n<\/span><\/span><\/p>\n<p>&nbsp;<\/p>\n<p><span style=\"color: #808080;\">Reg. San. No. 1642E2021 SSA<\/span><\/p>\n","protected":false},"featured_media":30877,"comment_status":"closed","ping_status":"closed","template":"","meta":[],"product_brand":[],"product_cat":[288,232,194,208],"product_tag":[],"class_list":{"0":"post-19846","1":"product","2":"type-product","3":"status-publish","4":"has-post-thumbnail","6":"product_cat-autoclaves","7":"product_cat-equipos","8":"product_cat-general","9":"product_cat-woson","11":"first","12":"instock","13":"shipping-taxable","14":"product-type-simple"},"_links":{"self":[{"href":"https:\/\/zeyco.com\/en\/wp-json\/wp\/v2\/product\/19846","targetHints":{"allow":["GET"]}}],"collection":[{"href":"https:\/\/zeyco.com\/en\/wp-json\/wp\/v2\/product"}],"about":[{"href":"https:\/\/zeyco.com\/en\/wp-json\/wp\/v2\/types\/product"}],"replies":[{"embeddable":true,"href":"https:\/\/zeyco.com\/en\/wp-json\/wp\/v2\/comments?post=19846"}],"wp:featuredmedia":[{"embeddable":true,"href":"https:\/\/zeyco.com\/en\/wp-json\/wp\/v2\/media\/30877"}],"wp:attachment":[{"href":"https:\/\/zeyco.com\/en\/wp-json\/wp\/v2\/media?parent=19846"}],"wp:term":[{"taxonomy":"product_brand","embeddable":true,"href":"https:\/\/zeyco.com\/en\/wp-json\/wp\/v2\/product_brand?post=19846"},{"taxonomy":"product_cat","embeddable":true,"href":"https:\/\/zeyco.com\/en\/wp-json\/wp\/v2\/product_cat?post=19846"},{"taxonomy":"product_tag","embeddable":true,"href":"https:\/\/zeyco.com\/en\/wp-json\/wp\/v2\/product_tag?post=19846"}],"curies":[{"name":"wp","href":"https:\/\/api.w.org\/{rel}","templated":true}]}}