{"id":30529,"date":"2024-08-23T16:59:32","date_gmt":"2024-08-23T22:59:32","guid":{"rendered":"https:\/\/zeyco.com\/?post_type=product&#038;p=30529"},"modified":"2024-10-04T12:59:10","modified_gmt":"2024-10-04T18:59:10","slug":"rollo-para-esterilizar","status":"publish","type":"product","link":"https:\/\/zeyco.com\/en\/producto\/rollo-para-esterilizar\/","title":{"rendered":"Rollo para esterilizar"},"content":{"rendered":"","protected":false},"excerpt":{"rendered":"<hr \/>\n<p class=\"p1\"><span style=\"color: #333333;\">Funciona como una barrera, manteniendo libre de virus y bacterias los productos en su interior, despu\u00e9s de haber sido sometidos a un proceso de esterilizaci\u00f3n.<\/span><\/p>\n<p><span style=\"color: #808080;\"><strong>INDICACIONES<\/strong><\/span><\/p>\n<ul>\n<li class=\"li1\"><span style=\"color: #333333;\">El rollo de esterilizaci\u00f3n se puede cortar a cualquier longitud que necesites.<\/span><\/li>\n<li class=\"li1\"><span style=\"color: #333333;\">Cierre seguro y r\u00e1pido con selladora.<\/span><\/li>\n<li class=\"li1\"><span style=\"color: #333333;\">L\u00e1mina transparente de color azul para una f\u00e1cil visualizaci\u00f3n de los instrumentos y para la identificaci\u00f3n de cualquier da\u00f1o en la l\u00e1mina.<\/span><\/li>\n<li class=\"li1\"><span style=\"color: #333333;\">Sellado seguro para protecci\u00f3n contra posibles desgarros de instrumentos afilados.<\/span><\/li>\n<li class=\"li1\"><span style=\"color: #333333;\">Evita la contaminaci\u00f3n durante el manejo del mismo, y mantiene la esterilidad durante mucho m\u00e1s tiempo.<\/span><\/li>\n<\/ul>\n<p><span style=\"color: #808080;\"><strong>PRESENTACI\u00d3N<\/strong><\/span><\/p>\n<ul>\n<li><span style=\"color: #333333;\">Rollo Chico: 2.17&#8243;, 55.12 mm x 200 m<\/span><\/li>\n<li><span style=\"color: #333333;\">Rollo Mediano: 3&#8243;, 76.2 mm x 200 m<\/span><\/li>\n<li><span style=\"color: #333333;\">Rollo Grande: 4&#8243;, 101.6 mm x 200 m<\/span><\/li>\n<\/ul>\n<p>&nbsp;<\/p>\n","protected":false},"featured_media":30530,"comment_status":"closed","ping_status":"closed","template":"","meta":[],"product_brand":[],"product_cat":[386,217,319],"product_tag":[],"class_list":{"0":"post-30529","1":"product","2":"type-product","3":"status-publish","4":"has-post-thumbnail","6":"product_cat-dochem","7":"product_cat-desechables","8":"product_cat-esterilizacion","10":"first","11":"instock","12":"shipping-taxable","13":"product-type-simple"},"_links":{"self":[{"href":"https:\/\/zeyco.com\/en\/wp-json\/wp\/v2\/product\/30529","targetHints":{"allow":["GET"]}}],"collection":[{"href":"https:\/\/zeyco.com\/en\/wp-json\/wp\/v2\/product"}],"about":[{"href":"https:\/\/zeyco.com\/en\/wp-json\/wp\/v2\/types\/product"}],"replies":[{"embeddable":true,"href":"https:\/\/zeyco.com\/en\/wp-json\/wp\/v2\/comments?post=30529"}],"wp:featuredmedia":[{"embeddable":true,"href":"https:\/\/zeyco.com\/en\/wp-json\/wp\/v2\/media\/30530"}],"wp:attachment":[{"href":"https:\/\/zeyco.com\/en\/wp-json\/wp\/v2\/media?parent=30529"}],"wp:term":[{"taxonomy":"product_brand","embeddable":true,"href":"https:\/\/zeyco.com\/en\/wp-json\/wp\/v2\/product_brand?post=30529"},{"taxonomy":"product_cat","embeddable":true,"href":"https:\/\/zeyco.com\/en\/wp-json\/wp\/v2\/product_cat?post=30529"},{"taxonomy":"product_tag","embeddable":true,"href":"https:\/\/zeyco.com\/en\/wp-json\/wp\/v2\/product_tag?post=30529"}],"curies":[{"name":"wp","href":"https:\/\/api.w.org\/{rel}","templated":true}]}}