{"id":27464,"date":"2024-02-26T15:48:30","date_gmt":"2024-02-26T21:48:30","guid":{"rendered":"https:\/\/zeyco.com\/?post_type=product&#038;p=27464"},"modified":"2024-10-04T12:59:10","modified_gmt":"2024-10-04T18:59:10","slug":"luxabond","status":"publish","type":"product","link":"https:\/\/zeyco.com\/ph\/producto\/luxabond\/","title":{"rendered":"LuxaBond Universal"},"content":{"rendered":"[vc_row type=&#8221;in_container&#8221; full_screen_row_position=&#8221;middle&#8221; column_margin=&#8221;default&#8221; column_direction=&#8221;default&#8221; column_direction_tablet=&#8221;default&#8221; column_direction_phone=&#8221;default&#8221; scene_position=&#8221;center&#8221; text_color=&#8221;dark&#8221; text_align=&#8221;left&#8221; row_border_radius=&#8221;none&#8221; row_border_radius_applies=&#8221;bg&#8221; overflow=&#8221;visible&#8221; overlay_strength=&#8221;0.3&#8243; gradient_direction=&#8221;left_to_right&#8221; shape_divider_position=&#8221;bottom&#8221; bg_image_animation=&#8221;none&#8221;][vc_column column_padding=&#8221;no-extra-padding&#8221; column_padding_tablet=&#8221;inherit&#8221; column_padding_phone=&#8221;inherit&#8221; column_padding_position=&#8221;all&#8221; column_element_direction_desktop=&#8221;default&#8221; column_element_spacing=&#8221;default&#8221; desktop_text_alignment=&#8221;default&#8221; tablet_text_alignment=&#8221;default&#8221; phone_text_alignment=&#8221;default&#8221; background_color_opacity=&#8221;1&#8243; background_hover_color_opacity=&#8221;1&#8243; column_backdrop_filter=&#8221;none&#8221; column_shadow=&#8221;none&#8221; column_border_radius=&#8221;none&#8221; column_link_target=&#8221;_self&#8221; column_position=&#8221;default&#8221; gradient_direction=&#8221;left_to_right&#8221; overlay_strength=&#8221;0.3&#8243; width=&#8221;1\/5&#8243; tablet_width_inherit=&#8221;default&#8221; animation_type=&#8221;default&#8221; bg_image_animation=&#8221;none&#8221; border_type=&#8221;simple&#8221; column_border_width=&#8221;none&#8221; column_border_style=&#8221;solid&#8221;][\/vc_column][vc_column column_padding=&#8221;no-extra-padding&#8221; column_padding_tablet=&#8221;inherit&#8221; column_padding_phone=&#8221;inherit&#8221; column_padding_position=&#8221;all&#8221; column_element_direction_desktop=&#8221;default&#8221; column_element_spacing=&#8221;default&#8221; desktop_text_alignment=&#8221;default&#8221; tablet_text_alignment=&#8221;default&#8221; phone_text_alignment=&#8221;default&#8221; background_color_opacity=&#8221;1&#8243; background_hover_color_opacity=&#8221;1&#8243; column_backdrop_filter=&#8221;none&#8221; column_shadow=&#8221;none&#8221; column_border_radius=&#8221;none&#8221; column_link_target=&#8221;_self&#8221; column_position=&#8221;default&#8221; gradient_direction=&#8221;left_to_right&#8221; overlay_strength=&#8221;0.3&#8243; width=&#8221;1\/5&#8243; tablet_width_inherit=&#8221;default&#8221; animation_type=&#8221;default&#8221; bg_image_animation=&#8221;none&#8221; border_type=&#8221;simple&#8221; column_border_width=&#8221;none&#8221; column_border_style=&#8221;solid&#8221;][\/vc_column][\/vc_row][vc_row type=&#8221;in_container&#8221; full_screen_row_position=&#8221;middle&#8221; column_margin=&#8221;default&#8221; column_direction=&#8221;default&#8221; column_direction_tablet=&#8221;default&#8221; column_direction_phone=&#8221;default&#8221; scene_position=&#8221;center&#8221; text_color=&#8221;dark&#8221; text_align=&#8221;left&#8221; row_border_radius=&#8221;none&#8221; row_border_radius_applies=&#8221;bg&#8221; overflow=&#8221;visible&#8221; overlay_strength=&#8221;0.3&#8243; gradient_direction=&#8221;left_to_right&#8221; shape_divider_position=&#8221;bottom&#8221; bg_image_animation=&#8221;none&#8221;][vc_column column_padding=&#8221;no-extra-padding&#8221; column_padding_tablet=&#8221;inherit&#8221; column_padding_phone=&#8221;inherit&#8221; column_padding_position=&#8221;all&#8221; column_element_direction_desktop=&#8221;default&#8221; column_element_spacing=&#8221;default&#8221; desktop_text_alignment=&#8221;default&#8221; tablet_text_alignment=&#8221;default&#8221; phone_text_alignment=&#8221;default&#8221; background_color_opacity=&#8221;1&#8243; background_hover_color_opacity=&#8221;1&#8243; column_backdrop_filter=&#8221;none&#8221; column_shadow=&#8221;none&#8221; column_border_radius=&#8221;none&#8221; column_link_target=&#8221;_self&#8221; column_position=&#8221;default&#8221; gradient_direction=&#8221;left_to_right&#8221; overlay_strength=&#8221;0.3&#8243; width=&#8221;1\/1&#8243; tablet_width_inherit=&#8221;default&#8221; animation_type=&#8221;default&#8221; bg_image_animation=&#8221;none&#8221; border_type=&#8221;simple&#8221; column_border_width=&#8221;none&#8221; column_border_style=&#8221;solid&#8221;][nectar_cta btn_style=&#8221;material&#8221; heading_tag=&#8221;h4&#8243; text_color=&#8221;#80bc00&#8243; link_type=&#8221;regular&#8221; alignment=&#8221;center&#8221; alignment_tablet=&#8221;default&#8221; alignment_phone=&#8221;default&#8221; display=&#8221;block&#8221; display_tablet=&#8221;inherit&#8221; display_phone=&#8221;inherit&#8221; text=&#8221;B\u00fascalo en el dep\u00f3sito de tu preferencia o para m\u00e1s informaci\u00f3n cont\u00e1ctanos&#8221; link_text=&#8221;aqu\u00ed&#8221; url=&#8221;https:\/\/zeyco.com\/contacto\/&#8221;][\/vc_column][\/vc_row]\n","protected":false},"excerpt":{"rendered":"<hr \/>\n<p><span style=\"color: #333333;\"><strong>M\u00c1S UNIVERSAL, IMPOSIBLE<\/strong><\/span><\/p>\n<p><span style=\"color: #333333;\">Es un agente adhesivo universal de polimerizaci\u00f3n dual en presentaci\u00f3n de dos botes, simplificando el trabajo.<\/span><\/p>\n<p><span style=\"color: #808080;\"><strong>INDICACIONES<\/strong><\/span><\/p>\n<ul>\n<li class=\"elementToProof ContentPasted0\"><span style=\"color: #333333;\"><span class=\"ui-provider bmn bmo bld bmp bmq bmr bms bmt bmu bmv bmw bmx bmy bmz bna bnb bnc bnd bne bnf bng bnh bni bnj bnk bnl bnm bnn bno bnp bnq bnr bns bnt bnu\" dir=\"ltr\">Utilizado para autograbado, grabado total y grabado selectivo. <\/span><\/span><\/li>\n<li class=\"elementToProof ContentPasted0\"><span style=\"color: #333333;\"><span class=\"ui-provider bmn bmo bld bmp bmq bmr bms bmt bmu bmv bmw bmx bmy bmz bna bnb bnc bnd bne bnf bng bnh bni bnj bnk bnl bnm bnn bno bnp bnq bnr bns bnt bnu\" dir=\"ltr\">Adhesivo para restauraciones directas e indirectas. <\/span><\/span><\/li>\n<li class=\"elementToProof ContentPasted0\"><span style=\"color: #333333;\"><span class=\"ui-provider bmn bmo bld bmp bmq bmr bms bmt bmu bmv bmw bmx bmy bmz bna bnb bnc bnd bne bnf bng bnh bni bnj bnk bnl bnm bnn bno bnp bnq bnr bns bnt bnu\" dir=\"ltr\">Adecuado para materiales fotopolimerizables, autopolimerizables y de polimerizaci\u00f3n dual. <\/span><\/span><\/li>\n<li class=\"elementToProof ContentPasted0\"><span style=\"color: #333333;\"><span class=\"ui-provider bmn bmo bld bmp bmq bmr bms bmt bmu bmv bmw bmx bmy bmz bna bnb bnc bnd bne bnf bng bnh bni bnj bnk bnl bnm bnn bno bnp bnq bnr bns bnt bnu\" dir=\"ltr\">Garantiza propiedades adhesivas excepcionales ya que contiene tecnolog\u00eda MDP.<\/span><\/span><\/li>\n<\/ul>\n<p><span style=\"color: #808080;\"><strong>PRESENTACI\u00d3N<br \/>\n<\/strong><\/span><span style=\"color: #333333;\"><strong>SISTEMA ADHESIVO DUAL CON MDP<br \/>\n<\/strong>Incluye:<\/span><\/p>\n<ul>\n<li><span style=\"color: #333333;\">1 frasco de 5 ml de Bond A<\/span><\/li>\n<li><span style=\"color: #333333;\">1 frasco de 4.5 ml de Bond B<\/span><\/li>\n<li><span style=\"color: #333333;\">25 cepillos blancos de un solo uso<\/span><\/li>\n<li><span style=\"color: #333333;\">25 cepillos Endo<\/span><\/li>\n<li><span style=\"color: #333333;\">1 loseta para mezcla<\/span><\/li>\n<\/ul>\n","protected":false},"featured_media":27465,"comment_status":"closed","ping_status":"closed","template":"","meta":[],"product_brand":[],"product_cat":[99,523],"product_tag":[],"class_list":{"0":"post-27464","1":"product","2":"type-product","3":"status-publish","4":"has-post-thumbnail","6":"product_cat-dmg","7":"product_cat-adhesivos-dmg","9":"first","10":"instock","11":"shipping-taxable","12":"product-type-simple"},"_links":{"self":[{"href":"https:\/\/zeyco.com\/ph\/wp-json\/wp\/v2\/product\/27464","targetHints":{"allow":["GET"]}}],"collection":[{"href":"https:\/\/zeyco.com\/ph\/wp-json\/wp\/v2\/product"}],"about":[{"href":"https:\/\/zeyco.com\/ph\/wp-json\/wp\/v2\/types\/product"}],"replies":[{"embeddable":true,"href":"https:\/\/zeyco.com\/ph\/wp-json\/wp\/v2\/comments?post=27464"}],"wp:featuredmedia":[{"embeddable":true,"href":"https:\/\/zeyco.com\/ph\/wp-json\/wp\/v2\/media\/27465"}],"wp:attachment":[{"href":"https:\/\/zeyco.com\/ph\/wp-json\/wp\/v2\/media?parent=27464"}],"wp:term":[{"taxonomy":"product_brand","embeddable":true,"href":"https:\/\/zeyco.com\/ph\/wp-json\/wp\/v2\/product_brand?post=27464"},{"taxonomy":"product_cat","embeddable":true,"href":"https:\/\/zeyco.com\/ph\/wp-json\/wp\/v2\/product_cat?post=27464"},{"taxonomy":"product_tag","embeddable":true,"href":"https:\/\/zeyco.com\/ph\/wp-json\/wp\/v2\/product_tag?post=27464"}],"curies":[{"name":"wp","href":"https:\/\/api.w.org\/{rel}","templated":true}]}}