{"id":30363,"date":"2024-08-12T12:30:53","date_gmt":"2024-08-12T18:30:53","guid":{"rendered":"https:\/\/zeyco.com\/?post_type=product&#038;p=30363"},"modified":"2025-09-04T14:02:25","modified_gmt":"2025-09-04T20:02:25","slug":"tina-collin-60","status":"publish","type":"product","link":"https:\/\/zeyco.com\/ph\/producto\/tina-collin-60\/","title":{"rendered":"Tina Ultras\u00f3nica Collin 60"},"content":{"rendered":"","protected":false},"excerpt":{"rendered":"<ul>\n<li><span style=\"color: #808080;\">Panel LED de 3 colores<\/span><\/li>\n<li><span style=\"color: #808080;\">Temporizador ajustable de 1 a 30 minutos<\/span><\/li>\n<li><span style=\"color: #808080;\">Sostiene art\u00edculos de hasta 340 mm de largo<\/span><\/li>\n<li><span style=\"color: #808080;\">2 calentadores cer\u00e1micos de 80W (160W)<\/span><\/li>\n<li><span style=\"color: #808080;\">2 transductores ultras\u00f3nicos de grado industrial de \u00d8 38 mm, 55 W (110 W)<\/span><\/li>\n<li><span style=\"color: #808080;\">5 opciones de calefacci\u00f3n<\/span><\/li>\n<li><span style=\"color: #808080;\">Funci\u00f3n de desgasificaci\u00f3n, elimina burbujas del l\u00edquido y mejora la limpieza ultras\u00f3nica automatizada<\/span><\/li>\n<li><span style=\"color: #808080;\">Vibraci\u00f3n ultras\u00f3nica y cavitaci\u00f3n a una frecuencia de 35 kHz, para eliminar la suciedad de los instrumentos<\/span><\/li>\n<li><span style=\"color: #808080;\">Protector t\u00e9rmico a 65\u00b0C contra sobrecalentamiento<\/span><\/li>\n<li><span style=\"color: #808080;\">Interrupci\u00f3n autom\u00e1tica del calentamiento en caso de falta de agua<\/span><\/li>\n<li><span style=\"color: #808080;\">Interruptor de encendido y apagado independiente y cable de alimentaci\u00f3n desmontable<\/span><\/li>\n<\/ul>\n<p><strong><span style=\"color: #808080;\">Capacidad: <\/span><\/strong><\/p>\n<p><span style=\"color: #808080;\">6 L\u200b<\/span><\/p>\n<p><strong><span style=\"color: #808080;\">Garant\u00eda: <\/span><\/strong><\/p>\n<p><span style=\"color: #808080;\">1 a\u00f1o<\/span><\/p>\n<h5><img decoding=\"async\" class=\"wp-image-30340 alignleft\" src=\"https:\/\/zeyco.com\/wp-content\/uploads\/2024\/08\/woson-productos-china-min-1.png\" alt=\"\" width=\"43\" height=\"35\" \/><span style=\"color: #808080;\">Tecnolog\u00eda China<\/span><\/h5>\n<p>&nbsp;<\/p>\n<p>&nbsp;<\/p>\n","protected":false},"featured_media":30364,"comment_status":"closed","ping_status":"closed","template":"","meta":[],"product_brand":[],"product_cat":[208,232,194],"product_tag":[],"class_list":{"0":"post-30363","1":"product","2":"type-product","3":"status-publish","4":"has-post-thumbnail","6":"product_cat-woson","7":"product_cat-equipos","8":"product_cat-general","10":"first","11":"instock","12":"shipping-taxable","13":"product-type-simple"},"_links":{"self":[{"href":"https:\/\/zeyco.com\/ph\/wp-json\/wp\/v2\/product\/30363","targetHints":{"allow":["GET"]}}],"collection":[{"href":"https:\/\/zeyco.com\/ph\/wp-json\/wp\/v2\/product"}],"about":[{"href":"https:\/\/zeyco.com\/ph\/wp-json\/wp\/v2\/types\/product"}],"replies":[{"embeddable":true,"href":"https:\/\/zeyco.com\/ph\/wp-json\/wp\/v2\/comments?post=30363"}],"wp:featuredmedia":[{"embeddable":true,"href":"https:\/\/zeyco.com\/ph\/wp-json\/wp\/v2\/media\/30364"}],"wp:attachment":[{"href":"https:\/\/zeyco.com\/ph\/wp-json\/wp\/v2\/media?parent=30363"}],"wp:term":[{"taxonomy":"product_brand","embeddable":true,"href":"https:\/\/zeyco.com\/ph\/wp-json\/wp\/v2\/product_brand?post=30363"},{"taxonomy":"product_cat","embeddable":true,"href":"https:\/\/zeyco.com\/ph\/wp-json\/wp\/v2\/product_cat?post=30363"},{"taxonomy":"product_tag","embeddable":true,"href":"https:\/\/zeyco.com\/ph\/wp-json\/wp\/v2\/product_tag?post=30363"}],"curies":[{"name":"wp","href":"https:\/\/api.w.org\/{rel}","templated":true}]}}