{"id":34419,"date":"2025-01-20T12:13:08","date_gmt":"2025-01-20T18:13:08","guid":{"rendered":"https:\/\/zeyco.com\/?post_type=product&#038;p=34419"},"modified":"2025-02-25T15:14:48","modified_gmt":"2025-02-25T21:14:48","slug":"perifar-limpiador-autoclave","status":"publish","type":"product","link":"https:\/\/zeyco.com\/ph\/producto\/perifar-limpiador-autoclave\/","title":{"rendered":"Perifar &#8211; Limpiador para autoclave"},"content":{"rendered":"<h4>Instrucciones de uso<\/h4>\n<ul>\n<li>Use elementos de protecci\u00f3n personal (EPP).<\/li>\n<li>Asperje cantidad suficiente del producto, en la c\u00e1mara del autoclave, la cual debe estar fr\u00eda.<\/li>\n<li>Deje en contacto de 1 a 5 minutos.<\/li>\n<li>Frote con pa\u00f1o o cepillo suave.<\/li>\n<li>Realice el proceso de enjuague o realice un ciclo corto del autoclave.<\/li>\n<li>Repita este procedimiento semanalmente o cuando considere necesario.<\/li>\n<\/ul>\n<h4>Indicaciones de uso en Superficies<\/h4>\n<ul>\n<li>Use elementos de protecci\u00f3n personal (EPP)<\/li>\n<li>Asperje el contenido del producto en la superficie.<\/li>\n<li>Deje en contacto de 1 a 5 minutos.<\/li>\n<li>Frote con pa\u00f1o o cepillo suave.<\/li>\n<li>Realice el proceso de enjuague.<\/li>\n<li>Repita este procedimiento peri\u00f3dicamente o cuando considere necesario.<\/li>\n<\/ul>\n","protected":false},"excerpt":{"rendered":"<hr \/>\n<p><strong><span style=\"color: #808080;\">PERIFAR AUTOCLAVE SPRAY<\/span><\/strong><\/p>\n<p><strong><span style=\"color: #808080;\">Restaurador de la c\u00e1mara<\/span><\/strong><\/p>\n<p><span style=\"color: #808080;\">Remueve manchas, desincrusta dep\u00f3sitos minerales y \u00f3xidos en la c\u00e1mara del autoclave y superficies de acero inoxidable.<\/span><\/p>\n<ul>\n<li><span style=\"color: #808080;\">F\u00f3rmula de \u00e1cidos naturales, biodegradable lista para usar.<\/span><\/li>\n<li><span style=\"color: #808080;\">Uso preventivo y correctivo.<\/span><\/li>\n<li><span style=\"color: #808080;\">No genera vapores, ni deja residuos.<\/span><\/li>\n<li><span style=\"color: #808080;\">Limpia y desodoriza.<\/span><\/li>\n<\/ul>\n<p><span style=\"color: #808080;\"><strong>PRESENTACI\u00d3N<\/strong><\/span><\/p>\n<p><span style=\"color: #808080;\">Bote con 750 mL.<\/span><\/p>\n","protected":false},"featured_media":34420,"comment_status":"closed","ping_status":"closed","template":"","meta":[],"product_brand":[540],"product_cat":[548,201,364],"product_tag":[],"class_list":{"0":"post-34419","1":"product","2":"type-product","3":"status-publish","4":"has-post-thumbnail","6":"product_brand-eufar","7":"product_cat-autocalves","8":"product_cat-eufar","9":"product_cat-limpieza-de-instrumentos","11":"first","12":"instock","13":"shipping-taxable","14":"product-type-simple"},"_links":{"self":[{"href":"https:\/\/zeyco.com\/ph\/wp-json\/wp\/v2\/product\/34419","targetHints":{"allow":["GET"]}}],"collection":[{"href":"https:\/\/zeyco.com\/ph\/wp-json\/wp\/v2\/product"}],"about":[{"href":"https:\/\/zeyco.com\/ph\/wp-json\/wp\/v2\/types\/product"}],"replies":[{"embeddable":true,"href":"https:\/\/zeyco.com\/ph\/wp-json\/wp\/v2\/comments?post=34419"}],"wp:featuredmedia":[{"embeddable":true,"href":"https:\/\/zeyco.com\/ph\/wp-json\/wp\/v2\/media\/34420"}],"wp:attachment":[{"href":"https:\/\/zeyco.com\/ph\/wp-json\/wp\/v2\/media?parent=34419"}],"wp:term":[{"taxonomy":"product_brand","embeddable":true,"href":"https:\/\/zeyco.com\/ph\/wp-json\/wp\/v2\/product_brand?post=34419"},{"taxonomy":"product_cat","embeddable":true,"href":"https:\/\/zeyco.com\/ph\/wp-json\/wp\/v2\/product_cat?post=34419"},{"taxonomy":"product_tag","embeddable":true,"href":"https:\/\/zeyco.com\/ph\/wp-json\/wp\/v2\/product_tag?post=34419"}],"curies":[{"name":"wp","href":"https:\/\/api.w.org\/{rel}","templated":true}]}}