{"id":45340,"date":"2026-02-27T08:40:51","date_gmt":"2026-02-27T14:40:51","guid":{"rendered":"https:\/\/zeyco.com\/?post_type=product&#038;p=45340"},"modified":"2026-03-06T12:51:34","modified_gmt":"2026-03-06T18:51:34","slug":"tempocem-id","status":"publish","type":"product","link":"https:\/\/zeyco.com\/ph\/producto\/tempocem-id\/","title":{"rendered":"Tempocem ID"},"content":{"rendered":"","protected":false},"excerpt":{"rendered":"<h5 class=\"ewa-rteLine\">Cemento temporal sin eugenol, automezclable, para coronas y puentes, tono transparente.<\/h5>\n<div>\n<div class=\"ewa-rteLine\">\n<ul>\n<li>Material de base resinosa, con un tono completamente transparente, lo que permite una excelente est\u00e9tica y una integraci\u00f3n \u00f3ptima con la estructura dental.<\/li>\n<li class=\"ewa-rteLine\">Excelente adhesi\u00f3n.<\/li>\n<li class=\"ewa-rteLine\">F\u00e1cil remoci\u00f3n de excesos.<\/li>\n<li class=\"ewa-rteLine\">No interfiere con el proceso de adhesi\u00f3n.<\/li>\n<li class=\"ewa-rteLine\">Tixotr\u00f3pico.<\/li>\n<\/ul>\n<p><strong>Presentaci\u00f3n Smartmix, incluye:<\/strong> 1 jeringa de 5 mL con 20 puntas mezcladoras.<\/p>\n<\/div>\n<\/div>\n","protected":false},"featured_media":45341,"comment_status":"closed","ping_status":"closed","template":"","meta":[],"product_brand":[],"product_cat":[194,181,99],"product_tag":[],"class_list":{"0":"post-45340","1":"product","2":"type-product","3":"status-publish","4":"has-post-thumbnail","6":"product_cat-general","7":"product_cat-cementos-provisionales","8":"product_cat-dmg","10":"first","11":"instock","12":"shipping-taxable","13":"product-type-simple"},"_links":{"self":[{"href":"https:\/\/zeyco.com\/ph\/wp-json\/wp\/v2\/product\/45340","targetHints":{"allow":["GET"]}}],"collection":[{"href":"https:\/\/zeyco.com\/ph\/wp-json\/wp\/v2\/product"}],"about":[{"href":"https:\/\/zeyco.com\/ph\/wp-json\/wp\/v2\/types\/product"}],"replies":[{"embeddable":true,"href":"https:\/\/zeyco.com\/ph\/wp-json\/wp\/v2\/comments?post=45340"}],"wp:featuredmedia":[{"embeddable":true,"href":"https:\/\/zeyco.com\/ph\/wp-json\/wp\/v2\/media\/45341"}],"wp:attachment":[{"href":"https:\/\/zeyco.com\/ph\/wp-json\/wp\/v2\/media?parent=45340"}],"wp:term":[{"taxonomy":"product_brand","embeddable":true,"href":"https:\/\/zeyco.com\/ph\/wp-json\/wp\/v2\/product_brand?post=45340"},{"taxonomy":"product_cat","embeddable":true,"href":"https:\/\/zeyco.com\/ph\/wp-json\/wp\/v2\/product_cat?post=45340"},{"taxonomy":"product_tag","embeddable":true,"href":"https:\/\/zeyco.com\/ph\/wp-json\/wp\/v2\/product_tag?post=45340"}],"curies":[{"name":"wp","href":"https:\/\/api.w.org\/{rel}","templated":true}]}}